{"id":22,"date":"2022-12-09T11:40:08","date_gmt":"2022-12-09T10:40:08","guid":{"rendered":"https:\/\/streetsaligned.idrisiculturaesviluppo.org\/?page_id=22"},"modified":"2023-01-17T10:12:40","modified_gmt":"2023-01-17T09:12:40","slug":"partnership","status":"publish","type":"page","link":"https:\/\/streetsaligned.idrisiculturaesviluppo.org\/en\/partnership\/","title":{"rendered":"Partnership"},"content":{"rendered":"<div class=\"wp-block-media-text alignwide is-stacked-on-mobile\" style=\"grid-template-columns:25% auto\"><figure class=\"wp-block-media-text__media\"><a href=\"\/en\/www.idrisiculturaesviluppo.org\/\" target=\"_blank\" rel=\"noreferrer noopener\"><img loading=\"lazy\" decoding=\"async\" width=\"960\" height=\"720\" src=\"https:\/\/streetsaligned.idrisiculturaesviluppo.org\/wp-content\/uploads\/2022\/12\/Logo-Idrisi-CS-14_07_21_JPG.jpg\" alt=\"\" class=\"wp-image-46 size-full\" srcset=\"https:\/\/streetsaligned.idrisiculturaesviluppo.org\/wp-content\/uploads\/2022\/12\/Logo-Idrisi-CS-14_07_21_JPG.jpg 960w, https:\/\/streetsaligned.idrisiculturaesviluppo.org\/wp-content\/uploads\/2022\/12\/Logo-Idrisi-CS-14_07_21_JPG-300x225.jpg 300w, https:\/\/streetsaligned.idrisiculturaesviluppo.org\/wp-content\/uploads\/2022\/12\/Logo-Idrisi-CS-14_07_21_JPG-768x576.jpg 768w, https:\/\/streetsaligned.idrisiculturaesviluppo.org\/wp-content\/uploads\/2022\/12\/Logo-Idrisi-CS-14_07_21_JPG-16x12.jpg 16w\" sizes=\"auto, (max-width: 767px) 89vw, (max-width: 1000px) 54vw, (max-width: 1071px) 543px, 580px\" \/><\/a><\/figure><div class=\"wp-block-media-text__content\">\n<p><strong>IDRISI Cultura e Sviluppo ETS \u00e8 una associazione non profit del terzo settore che incorpora tutti gli elementi di valore sociale e culturale capaci di sviluppare iniziative anche di tipo economico, in linea con la finanza di impatto in grado di mettere sullo stesso livello la natura economica e sociale delle iniziative, in modo da favorire interventi economicamente sostenibili nel tempo ed in grado di creare vantaggi per territori e comunit\u00e0.<\/strong><\/p>\n<\/div><\/div>\n\n\n\n<div class=\"wp-block-media-text alignwide is-stacked-on-mobile\" style=\"grid-template-columns:25% auto\"><figure class=\"wp-block-media-text__media\"><a href=\"https:\/\/www.gendernora.cz\/en\/\" target=\"_blank\" rel=\"noreferrer noopener\"><img loading=\"lazy\" decoding=\"async\" width=\"100\" height=\"100\" src=\"https:\/\/streetsaligned.idrisiculturaesviluppo.org\/wp-content\/uploads\/2022\/12\/nora.webp\" alt=\"\" class=\"wp-image-25 size-full\"\/><\/a><\/figure><div class=\"wp-block-media-text__content\">\n<p><strong>Genderov\u00e9 Informa\u010dn\u00ed Centrum NORA o.p.s \u00e8 un\u2019organizzazione senza scopo di lucro ceca basata su una prospettiva femminista: la sua missione \u00e8 infatti quella di promuovere l&#8217;uguaglianza tra donne, uomini, minoranze sociali in Cechia in chiave sia regionale sia nazionale.<\/strong><\/p>\n<\/div><\/div>\n\n\n\n<div class=\"wp-block-media-text alignwide is-stacked-on-mobile\" style=\"grid-template-columns:25% auto\"><figure class=\"wp-block-media-text__media\"><a href=\"https:\/\/aristadeka.eu\/\" target=\"_blank\" rel=\"noreferrer noopener\"><img loading=\"lazy\" decoding=\"async\" width=\"100\" height=\"100\" src=\"https:\/\/streetsaligned.idrisiculturaesviluppo.org\/wp-content\/uploads\/2022\/12\/Arista-Deka.webp\" alt=\"\" class=\"wp-image-23 size-full\"\/><\/a><\/figure><div class=\"wp-block-media-text__content\">\n<p><strong>ARISTA DEKA LTD \u00e8 una piccola-media impresa della Repubblica di Cipro, fondata a Nicosia nel febbraio 2019<\/strong>,  <strong>il cui scopo \u00e8<\/strong> <strong>quello di fornire servizi della alta qualit\u00e0 a clienti, partner, associazioni no profit, societ\u00e0 locali e<br>internazionali.<\/strong><\/p>\n<\/div><\/div>\n\n\n\n<div class=\"wp-block-media-text alignwide is-stacked-on-mobile\" style=\"grid-template-columns:25% auto\"><figure class=\"wp-block-media-text__media\"><a href=\"https:\/\/www.iisspiolatorre.edu.it\/\" target=\"_blank\" rel=\"noreferrer noopener\"><img loading=\"lazy\" decoding=\"async\" width=\"100\" height=\"100\" src=\"https:\/\/streetsaligned.idrisiculturaesviluppo.org\/wp-content\/uploads\/2022\/12\/IISS-Pio-La-Torre.webp\" alt=\"\" class=\"wp-image-24 size-full\"\/><\/a><\/figure><div class=\"wp-block-media-text__content\">\n<p><strong>I.I.S.S. Pio La Torre \u00e8 una delle principali scuole secondarie tecniche e professionali di Economia, Turismo, Arte e Grafica a Palermo, Italia. <\/strong>H<strong>a un&#8217;ampia esperienza di apprendimento per adulti, alla quale si rivolge l&#8217;offerta formativa serale e pomeridiana. L\u2019impegno progettuale dell\u2019I.I.S.S Pio La Torre \u00e8 quindi sempre orientato a ridurre il tasso di abbandono scolastico, a migliorare le competenze, a offrire opportunit\u00e0 di apprendimento sia<br>per discenti sia per docenti ed educatori<\/strong><\/p>\n\n\n\n<p>.<\/p>\n<\/div><\/div>","protected":false},"excerpt":{"rendered":"<p>IDRISI Cultura e Sviluppo ETS \u00e8 una associazione non profit del terzo settore che incorpora tutti gli elementi di valore sociale e culturale capaci di sviluppare iniziative anche di tipo economico, in linea con la finanza di impatto in grado di mettere sullo stesso livello la natura economica e sociale delle iniziative, in modo da &hellip; <\/p>\n<p class=\"link-more\"><a href=\"https:\/\/streetsaligned.idrisiculturaesviluppo.org\/en\/partnership\/\" class=\"more-link\">Continue reading<span class=\"screen-reader-text\"> &#8220;Partnership&#8221;<\/span><\/a><\/p>","protected":false},"author":1,"featured_media":0,"parent":0,"menu_order":0,"comment_status":"closed","ping_status":"closed","template":"","meta":{"footnotes":""},"class_list":["post-22","page","type-page","status-publish","hentry"],"yoast_head":"<!-- This site is optimized with the Yoast SEO plugin v26.5 - https:\/\/yoast.com\/wordpress\/plugins\/seo\/ -->\n<title>Partnership - Streets Aligned<\/title>\n<meta name=\"description\" content=\"Partnership - Streets Aligned\" \/>\n<meta name=\"robots\" content=\"index, follow, max-snippet:-1, max-image-preview:large, max-video-preview:-1\" \/>\n<link rel=\"canonical\" href=\"https:\/\/streetsaligned.idrisiculturaesviluppo.org\/en\/partnership\/\" \/>\n<meta property=\"og:locale\" content=\"en_GB\" \/>\n<meta property=\"og:type\" content=\"article\" \/>\n<meta property=\"og:title\" content=\"Partnership - Streets Aligned\" \/>\n<meta property=\"og:description\" content=\"Partnership - Streets Aligned\" \/>\n<meta property=\"og:url\" content=\"https:\/\/streetsaligned.idrisiculturaesviluppo.org\/en\/partnership\/\" \/>\n<meta property=\"og:site_name\" content=\"Streets Aligned\" \/>\n<meta property=\"article:modified_time\" content=\"2023-01-17T09:12:40+00:00\" \/>\n<meta property=\"og:image\" content=\"https:\/\/streetsaligned.idrisiculturaesviluppo.org\/wp-content\/uploads\/2022\/12\/Logo-Idrisi-CS-14_07_21_JPG.jpg\" \/>\n<meta name=\"twitter:card\" content=\"summary_large_image\" \/>\n<meta name=\"twitter:label1\" content=\"Estimated reading time\" \/>\n\t<meta name=\"twitter:data1\" content=\"1 minute\" \/>\n<script type=\"application\/ld+json\" class=\"yoast-schema-graph\">{\"@context\":\"https:\/\/schema.org\",\"@graph\":[{\"@type\":\"WebPage\",\"@id\":\"https:\/\/streetsaligned.idrisiculturaesviluppo.org\/en\/partnership\/\",\"url\":\"https:\/\/streetsaligned.idrisiculturaesviluppo.org\/en\/partnership\/\",\"name\":\"Partnership - Streets Aligned\",\"isPartOf\":{\"@id\":\"https:\/\/streetsaligned.idrisiculturaesviluppo.org\/#website\"},\"primaryImageOfPage\":{\"@id\":\"https:\/\/streetsaligned.idrisiculturaesviluppo.org\/en\/partnership\/#primaryimage\"},\"image\":{\"@id\":\"https:\/\/streetsaligned.idrisiculturaesviluppo.org\/en\/partnership\/#primaryimage\"},\"thumbnailUrl\":\"https:\/\/streetsaligned.idrisiculturaesviluppo.org\/wp-content\/uploads\/2022\/12\/Logo-Idrisi-CS-14_07_21_JPG.jpg\",\"datePublished\":\"2022-12-09T10:40:08+00:00\",\"dateModified\":\"2023-01-17T09:12:40+00:00\",\"description\":\"Partnership - Streets Aligned\",\"breadcrumb\":{\"@id\":\"https:\/\/streetsaligned.idrisiculturaesviluppo.org\/en\/partnership\/#breadcrumb\"},\"inLanguage\":\"en-GB\",\"potentialAction\":[{\"@type\":\"ReadAction\",\"target\":[\"https:\/\/streetsaligned.idrisiculturaesviluppo.org\/en\/partnership\/\"]}]},{\"@type\":\"ImageObject\",\"inLanguage\":\"en-GB\",\"@id\":\"https:\/\/streetsaligned.idrisiculturaesviluppo.org\/en\/partnership\/#primaryimage\",\"url\":\"https:\/\/streetsaligned.idrisiculturaesviluppo.org\/wp-content\/uploads\/2022\/12\/Logo-Idrisi-CS-14_07_21_JPG.jpg\",\"contentUrl\":\"https:\/\/streetsaligned.idrisiculturaesviluppo.org\/wp-content\/uploads\/2022\/12\/Logo-Idrisi-CS-14_07_21_JPG.jpg\"},{\"@type\":\"BreadcrumbList\",\"@id\":\"https:\/\/streetsaligned.idrisiculturaesviluppo.org\/en\/partnership\/#breadcrumb\",\"itemListElement\":[{\"@type\":\"ListItem\",\"position\":1,\"name\":\"Home\",\"item\":\"https:\/\/streetsaligned.idrisiculturaesviluppo.org\/\"},{\"@type\":\"ListItem\",\"position\":2,\"name\":\"Partnership\"}]},{\"@type\":\"WebSite\",\"@id\":\"https:\/\/streetsaligned.idrisiculturaesviluppo.org\/#website\",\"url\":\"https:\/\/streetsaligned.idrisiculturaesviluppo.org\/\",\"name\":\"Streets Aligned\",\"description\":\"Supporting educators towards a LGBTIQ+ Inclusive Education\",\"publisher\":{\"@id\":\"https:\/\/streetsaligned.idrisiculturaesviluppo.org\/#organization\"},\"potentialAction\":[{\"@type\":\"SearchAction\",\"target\":{\"@type\":\"EntryPoint\",\"urlTemplate\":\"https:\/\/streetsaligned.idrisiculturaesviluppo.org\/?s={search_term_string}\"},\"query-input\":{\"@type\":\"PropertyValueSpecification\",\"valueRequired\":true,\"valueName\":\"search_term_string\"}}],\"inLanguage\":\"en-GB\"},{\"@type\":\"Organization\",\"@id\":\"https:\/\/streetsaligned.idrisiculturaesviluppo.org\/#organization\",\"name\":\"Streets Aligned\",\"url\":\"https:\/\/streetsaligned.idrisiculturaesviluppo.org\/\",\"logo\":{\"@type\":\"ImageObject\",\"inLanguage\":\"en-GB\",\"@id\":\"https:\/\/streetsaligned.idrisiculturaesviluppo.org\/#\/schema\/logo\/image\/\",\"url\":\"https:\/\/streetsaligned.idrisiculturaesviluppo.org\/wp-content\/uploads\/2022\/12\/streets-aligned-LOGO.png\",\"contentUrl\":\"https:\/\/streetsaligned.idrisiculturaesviluppo.org\/wp-content\/uploads\/2022\/12\/streets-aligned-LOGO.png\",\"width\":1792,\"height\":1106,\"caption\":\"Streets Aligned\"},\"image\":{\"@id\":\"https:\/\/streetsaligned.idrisiculturaesviluppo.org\/#\/schema\/logo\/image\/\"}}]}<\/script>\n<!-- \/ Yoast SEO plugin. -->","yoast_head_json":{"title":"Partnership - Streets Aligned","description":"Partnership - Streets Aligned","robots":{"index":"index","follow":"follow","max-snippet":"max-snippet:-1","max-image-preview":"max-image-preview:large","max-video-preview":"max-video-preview:-1"},"canonical":"https:\/\/streetsaligned.idrisiculturaesviluppo.org\/en\/partnership\/","og_locale":"en_GB","og_type":"article","og_title":"Partnership - Streets Aligned","og_description":"Partnership - Streets Aligned","og_url":"https:\/\/streetsaligned.idrisiculturaesviluppo.org\/en\/partnership\/","og_site_name":"Streets Aligned","article_modified_time":"2023-01-17T09:12:40+00:00","og_image":[{"url":"https:\/\/streetsaligned.idrisiculturaesviluppo.org\/wp-content\/uploads\/2022\/12\/Logo-Idrisi-CS-14_07_21_JPG.jpg","type":"","width":"","height":""}],"twitter_card":"summary_large_image","twitter_misc":{"Estimated reading time":"1 minute"},"schema":{"@context":"https:\/\/schema.org","@graph":[{"@type":"WebPage","@id":"https:\/\/streetsaligned.idrisiculturaesviluppo.org\/en\/partnership\/","url":"https:\/\/streetsaligned.idrisiculturaesviluppo.org\/en\/partnership\/","name":"Partnership - Streets Aligned","isPartOf":{"@id":"https:\/\/streetsaligned.idrisiculturaesviluppo.org\/#website"},"primaryImageOfPage":{"@id":"https:\/\/streetsaligned.idrisiculturaesviluppo.org\/en\/partnership\/#primaryimage"},"image":{"@id":"https:\/\/streetsaligned.idrisiculturaesviluppo.org\/en\/partnership\/#primaryimage"},"thumbnailUrl":"https:\/\/streetsaligned.idrisiculturaesviluppo.org\/wp-content\/uploads\/2022\/12\/Logo-Idrisi-CS-14_07_21_JPG.jpg","datePublished":"2022-12-09T10:40:08+00:00","dateModified":"2023-01-17T09:12:40+00:00","description":"Partnership - Streets Aligned","breadcrumb":{"@id":"https:\/\/streetsaligned.idrisiculturaesviluppo.org\/en\/partnership\/#breadcrumb"},"inLanguage":"en-GB","potentialAction":[{"@type":"ReadAction","target":["https:\/\/streetsaligned.idrisiculturaesviluppo.org\/en\/partnership\/"]}]},{"@type":"ImageObject","inLanguage":"en-GB","@id":"https:\/\/streetsaligned.idrisiculturaesviluppo.org\/en\/partnership\/#primaryimage","url":"https:\/\/streetsaligned.idrisiculturaesviluppo.org\/wp-content\/uploads\/2022\/12\/Logo-Idrisi-CS-14_07_21_JPG.jpg","contentUrl":"https:\/\/streetsaligned.idrisiculturaesviluppo.org\/wp-content\/uploads\/2022\/12\/Logo-Idrisi-CS-14_07_21_JPG.jpg"},{"@type":"BreadcrumbList","@id":"https:\/\/streetsaligned.idrisiculturaesviluppo.org\/en\/partnership\/#breadcrumb","itemListElement":[{"@type":"ListItem","position":1,"name":"Home","item":"https:\/\/streetsaligned.idrisiculturaesviluppo.org\/"},{"@type":"ListItem","position":2,"name":"Partnership"}]},{"@type":"WebSite","@id":"https:\/\/streetsaligned.idrisiculturaesviluppo.org\/#website","url":"https:\/\/streetsaligned.idrisiculturaesviluppo.org\/","name":"Streets Aligned","description":"Supporting educators towards a LGBTIQ+ Inclusive Education","publisher":{"@id":"https:\/\/streetsaligned.idrisiculturaesviluppo.org\/#organization"},"potentialAction":[{"@type":"SearchAction","target":{"@type":"EntryPoint","urlTemplate":"https:\/\/streetsaligned.idrisiculturaesviluppo.org\/?s={search_term_string}"},"query-input":{"@type":"PropertyValueSpecification","valueRequired":true,"valueName":"search_term_string"}}],"inLanguage":"en-GB"},{"@type":"Organization","@id":"https:\/\/streetsaligned.idrisiculturaesviluppo.org\/#organization","name":"Streets Aligned","url":"https:\/\/streetsaligned.idrisiculturaesviluppo.org\/","logo":{"@type":"ImageObject","inLanguage":"en-GB","@id":"https:\/\/streetsaligned.idrisiculturaesviluppo.org\/#\/schema\/logo\/image\/","url":"https:\/\/streetsaligned.idrisiculturaesviluppo.org\/wp-content\/uploads\/2022\/12\/streets-aligned-LOGO.png","contentUrl":"https:\/\/streetsaligned.idrisiculturaesviluppo.org\/wp-content\/uploads\/2022\/12\/streets-aligned-LOGO.png","width":1792,"height":1106,"caption":"Streets Aligned"},"image":{"@id":"https:\/\/streetsaligned.idrisiculturaesviluppo.org\/#\/schema\/logo\/image\/"}}]}},"_links":{"self":[{"href":"https:\/\/streetsaligned.idrisiculturaesviluppo.org\/en\/wp-json\/wp\/v2\/pages\/22","targetHints":{"allow":["GET"]}}],"collection":[{"href":"https:\/\/streetsaligned.idrisiculturaesviluppo.org\/en\/wp-json\/wp\/v2\/pages"}],"about":[{"href":"https:\/\/streetsaligned.idrisiculturaesviluppo.org\/en\/wp-json\/wp\/v2\/types\/page"}],"author":[{"embeddable":true,"href":"https:\/\/streetsaligned.idrisiculturaesviluppo.org\/en\/wp-json\/wp\/v2\/users\/1"}],"replies":[{"embeddable":true,"href":"https:\/\/streetsaligned.idrisiculturaesviluppo.org\/en\/wp-json\/wp\/v2\/comments?post=22"}],"version-history":[{"count":12,"href":"https:\/\/streetsaligned.idrisiculturaesviluppo.org\/en\/wp-json\/wp\/v2\/pages\/22\/revisions"}],"predecessor-version":[{"id":369,"href":"https:\/\/streetsaligned.idrisiculturaesviluppo.org\/en\/wp-json\/wp\/v2\/pages\/22\/revisions\/369"}],"wp:attachment":[{"href":"https:\/\/streetsaligned.idrisiculturaesviluppo.org\/en\/wp-json\/wp\/v2\/media?parent=22"}],"curies":[{"name":"wp","href":"https:\/\/api.w.org\/{rel}","templated":true}]}}