{"id":427,"date":"2024-07-10T09:25:31","date_gmt":"2024-07-10T07:25:31","guid":{"rendered":"https:\/\/streetsaligned.idrisiculturaesviluppo.org\/?page_id=427"},"modified":"2024-07-10T10:26:53","modified_gmt":"2024-07-10T08:26:53","slug":"privacy-policy","status":"publish","type":"page","link":"https:\/\/streetsaligned.idrisiculturaesviluppo.org\/en\/privacy-policy\/","title":{"rendered":"Privacy Policy"},"content":{"rendered":"<h1 class=\"wp-block-heading\"><strong>Chi siamo<\/strong><\/h1>\n\n\n\n<p>In osservanza di quanto previsto ai sensi e per gli effetti degli artt. 13 e 14 del GDPR 679\/2016, il Titolare del trattamento pubblica la seguente informativa riguardante l\u2019attivit\u00e0 di trattamento dei dati raccolti in seguito alla navigazione degli utenti sul sito internet https:\/\/streetsaligned.idrisiculturaesviluppo.org.<\/p>\n\n\n\n<h1 class=\"wp-block-heading\"><strong>Identit\u00e0 e dati di contatto del Titolare del trattamento<\/strong><\/h1>\n\n\n\n<p>Ragione sociale: <strong>Idrisi Cultura e Sviluppo ETS<\/strong><\/p>\n\n\n\n<p>Indirizzo sede legale: <strong>Via Villa Heloise 21, 90143, Palermo, Italia<\/strong><\/p>\n\n\n\n<p>CF: <strong>97349100822<\/strong><\/p>\n\n\n\n<p>Num. Iscrizione RUNTS: <strong>57125<\/strong><\/p>\n\n\n\n<p>e-mail: <strong>info@idrisiculturaesviluppo.org<\/strong><\/p>\n\n\n\n<p>PEC: <strong>idrisiculturaesviluppo@pec.it<\/strong><\/p>\n\n\n\n<h1 class=\"wp-block-heading\"><strong>Dati trattati, finalit\u00e0 del trattamento e base giuridica<\/strong><\/h1>\n\n\n\n<p>Durante la navigazione degli utenti vengono raccolti dati quali indirizzi IP o i nomi a dominio dei computer utilizzati dagli utenti che si connettono al sito, gli indirizzi in notazione URI (Uniform Resource Identifier) delle risorse richieste, l\u2019orario della richiesta, il metodo utilizzato nel sottoporre la richiesta al server, la dimensione del file ottenuto in risposta, il codice numerico indicante lo stato della risposta data dal server (buon fine, errore, ecc.) ed altri parametri relativi al sistema operativo e all\u2019ambiente informatico dell\u2019utente.<\/p>\n\n\n\n<p>Si tratta di informazioni che non sono raccolte per essere associate a interessati identificati, ma che per loro stessa natura potrebbero, attraverso elaborazioni ed associazioni con dati detenuti da terzi, permettere di identificare gli utenti.<\/p>\n\n\n\n<p>I dati, cos\u00ec raccolti, potrebbero essere utilizzati per l\u2019accertamento di responsabilit\u00e0 in caso di eventuali reati informatici ai danni del sito, essendo dunque necessari per il perseguimento del legittimo interesse del Titolare del Trattamento.<\/p>\n\n\n\n<p>Inoltre i dati dell\u2019Utente sono raccolti per consentire al Titolare di fornire i propri Servizi, cos\u00ec come per le seguenti finalit\u00e0:<\/p>\n\n\n\n<ul class=\"wp-block-list\">\n<li>Statistica<\/li>\n\n\n\n<li>Visualizzazione di contenuti da piattaforme esterne<\/li>\n\n\n\n<li>Contattare l&#8217;Utente<\/li>\n\n\n\n<li>Gestione indirizzi e invio di messaggi email e Interazione con social network e piattaforme esterne.<\/li>\n<\/ul>\n\n\n\n<h2 class=\"wp-block-heading\"><strong>Commenti<\/strong><\/h2>\n\n\n\n<p>Quando i visitatori lasciano commenti sul sito, raccogliamo i dati mostrati nel modulo dei commenti oltre all&#8217;indirizzo IP del visitatore e la stringa dello user agent del browser per facilitare il rilevamento dello spam.<\/p>\n\n\n\n<p>Una stringa anonimizzata creata a partire dal tuo indirizzo email (altrimenti detta hash) pu\u00f2 essere fornita al servizio Gravatar per vedere se lo stai usando. La privacy policy del servizio Gravatar \u00e8 disponibile <a href=\"https:\/\/automattic.com\/privacy\/\" target=\"_blank\" rel=\"noopener noreferrer\">qui<\/a>. Dopo l&#8217;approvazione del tuo commento, la tua immagine del profilo \u00e8 visibile al pubblico nel contesto del tuo commento.<\/p>\n\n\n\n<h2 class=\"wp-block-heading\"><strong>Media<\/strong><\/h2>\n\n\n\n<p>Se carichi immagini sul sito web, dovresti evitare di caricare immagini che includono i dati di posizione incorporati (EXIF GPS). I visitatori del sito web possono scaricare ed estrarre qualsiasi dato sulla posizione dalle immagini sul sito web.<\/p>\n\n\n\n<h2 class=\"wp-block-heading\"><strong>Cookie<\/strong><\/h2>\n\n\n\n<p>Se lasci un commento sul nostro sito, puoi scegliere di salvare il tuo nome, indirizzo email e sito web nei cookie. Sono usati per la tua comodit\u00e0 in modo che tu non debba inserire nuovamente i tuoi dati quando lasci un altro commento. Questi cookie dureranno per un anno dall&#8217;accettazione dei termini di utilizzo dei dati in conformit\u00e0 all&#8217;Informativa della Privacy. In caso di <em>Rifiuto<\/em> all&#8217;utilizzo, sebbene i tuoi dati non vengano collezionati, l&#8217;indirizzo IP da cui ti sei connesso verr\u00e0 obbligatoriamente registrato a fini esclusivamente tecnici, e manterremo in memoria il parametro di rifiuto per 1 mese.<\/p>\n\n\n\n<p>Non viene fatto uso di cookies per la trasmissione di informazioni di carattere personale, n\u00e9 vengono utilizzati c.d. cookies persistenti di alcun tipo, ovvero sistemi per il tracciamento degli utenti.<\/p>\n\n\n\n<p>L\u2019uso di c.d. cookies di sessione (che non vengono memorizzati in modo persistente sul computer dell\u2019utente e svaniscono con la chiusura del browser) \u00e8 strettamente limitato alla trasmissione di identificativi di sessione (costituiti da numeri casuali generati dal server) necessari per consentire l\u2019esplorazione sicura ed efficiente del sito.<\/p>\n\n\n\n<p>I c.d. cookies di sessione utilizzati in questo sito evitano il ricorso ad altre tecniche informatiche potenzialmente pregiudizievoli per la riservatezza della navigazione degli utenti e non consentono l\u2019acquisizione di dati personali identificativi dell\u2019utente.<\/p>\n\n\n\n<p><strong>Cookie di terze parti<\/strong>:<\/p>\n\n\n\n<p>L\u2019uso di cookie di terze parti (temporanei e permanenti) da parte del sito \u00e8 solo di tipo anonimo e finalizzato unicamente a consentire al Titolare di fruire di servizi di analisi web forniti da terzi. Tali cookie permettono di raccogliere e registrare, in modo anonimo, informazioni sulle pagine del sito consultate, ma non consentono di identificare il visitatore, e non sono in alcun modo combinati con altre informazioni. Tali dati sono utilizzati esclusivamente per tracciare ed esaminare l\u2019utilizzo dei siti da parte degli utenti, compilare statistiche sulla base di informazioni raccolte in forma anonima e mediante l\u2019utilizzo di dati in forma aggregata.<\/p>\n\n\n\n<h2 class=\"wp-block-heading\"><strong>Contenuto incorporato da altri siti web<\/strong><\/h2>\n\n\n\n<p>Gli articoli su questo sito possono includere contenuti incorporati (ad esempio video, immagini, articoli, ecc.). I contenuti incorporati da altri siti web si comportano esattamente allo stesso modo come se il visitatore avesse visitato l&#8217;altro sito web.<\/p>\n\n\n\n<p>Questi siti web possono raccogliere dati su di te, usare cookie, integrare ulteriori tracciamenti di terze parti e monitorare l&#8217;interazione con essi, incluso il tracciamento della tua interazione con il contenuto incorporato se hai un account e sei connesso a quei siti web.<\/p>\n\n\n\n<h2 class=\"wp-block-heading\"><strong>Analytics<\/strong><\/h2>\n\n\n\n<p>Raccogliamo dati di accesso al sito in forma aggregata, per monitorare le visite ricevute, il tempo di permanenza, l&#8217;origine delle connessioni e altri parametri tecnicamente necessari per le attivit\u00e0 di ottimizzazione dei contenuti per i motori di ricerca. La conservazione dei dati dura 1 anno.<\/p>\n\n\n\n<p>In particolare, si informano gli utenti che il servizio di analisi web che rilasciano cookie utilizzato dal Titolare \u00e8 &#8220;<em>Google Analytics<\/em>&#8220;, di seguito descritto.<\/p>\n\n\n\n<p>Google Analytics \u00e8 un servizio di analisi web fornito da Google, Inc. (&#8220;Google&#8221;) che utilizza dei &#8220;cookies&#8221;, che vengono depositati sul computer dell\u2019utente per consentire al sito web visitato di analizzare come gli utenti lo utilizzano. Le informazioni generate dal cookie sull\u2019utilizzo del sito web visitato da parte dell\u2019utente (compreso l\u2019indirizzo IP) verranno trasmesse a Google, e depositate presso i server di Google negli Stati Uniti. Google utilizzer\u00e0 queste informazioni allo scopo di tracciare ed esaminare l\u2019utilizzo del sito web da parte dell\u2019utente, compilare report sulle attivit\u00e0 del sito web per gli operatori del sito e fornire altri servizi relativi alle attivit\u00e0 del sito web e all\u2019utilizzo di Internet. Google pu\u00f2 anche trasferire queste informazioni a terzi ove ci\u00f2 sia imposto dalla legge o laddove tali terzi trattino le suddette informazioni per conto di Google. Google non assocer\u00e0 gli indirizzi IP dell\u2019utente a nessun altro dato posseduto da Google. L\u2019utente pu\u00f2, in qualsiasi momento, rifiutarsi di usare i cookies selezionando l\u2019impostazione appropriata sul proprio browser.<\/p>\n\n\n\n<p>Utilizzando il presente Sito, l&#8217;Utente acconsente al trattamento dei propri dati da parte di Google per le modalit\u00e0 e i fini sopraindicati. Per consultare l&#8217;informativa privacy della societ\u00e0 Google, relativa al servizio Google Analytics, si rinvia al sito internet <a href=\"http:\/\/www.google.com\/intl\/en\/analytics\/privacyoverview.html\">http:\/\/www.google.com\/intl\/en\/analytics\/privacyoverview.html<\/a> <\/p>\n\n\n\n<p>Per ogni comunicazione il Titolare mette a disposizione l\u2019indirizzo mail sopra indicato <em><strong>info@idrisiculturaesviluppo.org<\/strong><\/em>.<\/p>\n\n\n\n<h2 class=\"wp-block-heading\"><strong>Connessione tramite smartphone e apparecchi mobili<\/strong><\/h2>\n\n\n\n<p>Quando l\u2019utente utilizza certe funzionalit\u00e0 della Piattaforma, in particolare le nostre applicazioni mobili, noi possiamo raccogliere, conservare e trattare diverse categorie di dati relativi alla posizione, incluse informazioni generali (ad es. indirizzo IP, codice postale) e informazioni pi\u00f9 specifiche (ad es. funzionalit\u00e0 basate su GPS presenti sui dispositivi mobili utilizzati per accedere alla Piattaforma o a specifiche funzionalit\u00e0 della stessa). Se l\u2019utente accede alla Piattaforma da un dispositivo mobile e non vuole che il suo dispositivo fornisca informazioni sulla sua posizione, pu\u00f2 disabilitare il GPS o le altre funzionalit\u00e0 di tracciamento della posizione sul dispositivo. Invitiamo l\u2019utente a consultare le istruzioni fornite dal produttore del proprio dispositivo per maggiori dettagli.<\/p>\n\n\n\n<p>Possiamo inoltre raccogliere, conservare e trattare <em>Dati di Log<\/em>, che sono dati automaticamente registrati dai nostri server ogni volta in cui l\u2019utente accede al sito, a prescindere dal fatto che sia o meno utente registrato, come l\u2019indirizzo IP, la data e l\u2019ora in cui si accede al&nbsp;sito, l\u2019hardware e il software che sta usando, i siti e gli URL da cui proviene e di uscita, il numero dei click, le pagine visualizzate e l\u2019ordine di tali pagine, nonch\u00e9 la quantit\u00e0 di tempo trascorsa su particolari pagine.<\/p>\n\n\n\n<h1 class=\"wp-block-heading\"><strong>Modalit\u00e0 di trattamento dei dati<\/strong><\/h1>\n\n\n\n<p>Il trattamento dei dati \u00e8 eseguito attraverso supporti informatici. I dati sono conservati presso i server del provider adottando misure tecniche e organizzative per garantire un adeguato livello di sicurezza e riservatezza.<\/p>\n\n\n\n<h1 class=\"wp-block-heading\"><strong>Con chi condividiamo i tuoi dati<\/strong><\/h1>\n\n\n\n<p>Di base non condividiamo i tuoi dati con nessuno, se non con quelle applicazioni\/software di terze parti necessari al funzionamento della piattaforma e delle azioni da te richieste.<\/p>\n\n\n\n<p>I dati raccolti non saranno diffusi, venduti o scambiati con soggetti terzi senza il consenso espresso dell\u2019interessato, salvo eventuali comunicazioni (a societ\u00e0 di assistenza informatica e\/o societ\u00e0 di hosting), ove necessarie al fine di prestare il servizio richiesto. I dati potranno altres\u00ec essere comunicati alle autorit\u00e0 competenti, secondo i termini d legge.<\/p>\n\n\n\n<h1 class=\"wp-block-heading\"><strong>Per quanto tempo conserviamo i tuoi dati<\/strong><\/h1>\n\n\n\n<p>Di base, a seguito dell\u2019accettazione dei termini di utilizzo e conservazione dei propri dati secondo l\u2019Informativa della Privacy, i dati vengono conservati per 1 anno.<\/p>\n\n\n\n<p>I dati sono conservati per il tempo richiesto dalle finalit\u00e0 per le quali sono stati raccolti. Per finalit\u00e0 riconducibili all\u2019interesse legittimo del Titolare, i dati saranno trattenuti fino al soddisfacimento di tale interesse. Inoltre il Titolare potrebbe essere obbligato a conservare i Dati Personali per un periodo pi\u00f9 lungo in ottemperanza ad un obbligo di legge o per ordine di un\u2019autorit\u00e0.<\/p>\n\n\n\n<p>Se lasci un commento, il commento e i relativi metadati vengono conservati a tempo indeterminato. \u00c8 cos\u00ec che possiamo riconoscere e approvare automaticamente eventuali commenti successivi invece di tenerli in una coda di moderazione.<\/p>\n\n\n\n<p>Gli amministratori del sito web possono anche vedere, modificare o cancellare queste informazioni, qualora in contrasto con l&#8217;etica o la legge.<\/p>\n\n\n\n<h1 class=\"wp-block-heading\"><strong>Quali diritti hai sui tuoi dati<\/strong><\/h1>\n\n\n\n<p>Ai sensi del GDPR 679\/2016, l\u2019interessato ha il diritto di:<\/p>\n\n\n\n<ul class=\"wp-block-list\">\n<li>accedere ai propri dati personali ed essere messo a conoscenza dell\u2019informativa ex. artt. 13-14;<\/li>\n\n\n\n<li>ottenere la rettifica dei dati personali errati e l\u2019integrazione di quelli incompleti;<\/li>\n\n\n\n<li>ottenere la cancellazione dei propri dati personali nei casi previsti dall\u2019art. 17;<\/li>\n\n\n\n<li>ottenere la limitazione del trattamento nei casi previsti dall\u2019art. 18;<\/li>\n\n\n\n<li>ricevere i propri dati personali in un formato strutturato, di uso comune e leggibile da un dispositivo automatico e ottenere la trasmissione dei dati da un Titolare del Trattamento ad un altro nei casi e modalit\u00e0 di cui all\u2019art. 20;<\/li>\n\n\n\n<li>opporsi al trattamento dei propri dati personali per le motivazioni e le finalit\u00e0 previste dall\u2019art. 21;<\/li>\n\n\n\n<li>non essere sottoposto ad una decisione basata unicamente sul trattamento automatizzato che produca effetti giuridici che lo riguardano o che incida in modo analogo significativamente sulla sua persona ai sensi dell\u2019art. 22;<\/li>\n\n\n\n<li>revocare il consenso prestato per i trattamenti che si fondano su questa base giuridica;<\/li>\n\n\n\n<li>proporre reclamo a un\u2019Autorit\u00e0 di Controllo;<\/li>\n<\/ul>\n\n\n\n<h1 class=\"wp-block-heading\"><strong>Dove spediamo i tuoi dati<\/strong><\/h1>\n\n\n\n<p>I commenti dei visitatori possono essere controllati attraverso un servizio di rilevamento automatico dello spam.<\/p>","protected":false},"excerpt":{"rendered":"<p>Chi siamo In osservanza di quanto previsto ai sensi e per gli effetti degli artt. 13 e 14 del GDPR 679\/2016, il Titolare del trattamento pubblica la seguente informativa riguardante l\u2019attivit\u00e0 di trattamento dei dati raccolti in seguito alla navigazione degli utenti sul sito internet https:\/\/streetsaligned.idrisiculturaesviluppo.org. Identit\u00e0 e dati di contatto del Titolare del trattamento &hellip; <\/p>\n<p class=\"link-more\"><a href=\"https:\/\/streetsaligned.idrisiculturaesviluppo.org\/en\/privacy-policy\/\" class=\"more-link\">Continue reading<span class=\"screen-reader-text\"> &#8220;Privacy Policy&#8221;<\/span><\/a><\/p>","protected":false},"author":1,"featured_media":0,"parent":0,"menu_order":0,"comment_status":"closed","ping_status":"closed","template":"","meta":{"footnotes":""},"class_list":["post-427","page","type-page","status-publish","hentry"],"yoast_head":"<!-- This site is optimized with the Yoast SEO plugin v26.5 - https:\/\/yoast.com\/wordpress\/plugins\/seo\/ -->\n<title>Privacy Policy - Streets Aligned<\/title>\n<meta name=\"description\" content=\"Privacy Policy - Streets Aligned Informativa su utilizzo e conservazione dei dati sul sito\" \/>\n<meta name=\"robots\" content=\"index, follow, max-snippet:-1, max-image-preview:large, max-video-preview:-1\" \/>\n<link rel=\"canonical\" href=\"https:\/\/streetsaligned.idrisiculturaesviluppo.org\/en\/privacy-policy\/\" \/>\n<meta property=\"og:locale\" content=\"en_GB\" \/>\n<meta property=\"og:type\" content=\"article\" \/>\n<meta property=\"og:title\" content=\"Privacy Policy - Streets Aligned\" \/>\n<meta property=\"og:description\" content=\"Privacy Policy - Streets Aligned Informativa su utilizzo e conservazione dei dati sul sito\" \/>\n<meta property=\"og:url\" content=\"https:\/\/streetsaligned.idrisiculturaesviluppo.org\/en\/privacy-policy\/\" \/>\n<meta property=\"og:site_name\" content=\"Streets Aligned\" \/>\n<meta property=\"article:modified_time\" content=\"2024-07-10T08:26:53+00:00\" \/>\n<meta name=\"twitter:card\" content=\"summary_large_image\" \/>\n<meta name=\"twitter:label1\" content=\"Estimated reading time\" \/>\n\t<meta name=\"twitter:data1\" content=\"10 minutes\" \/>\n<script type=\"application\/ld+json\" class=\"yoast-schema-graph\">{\"@context\":\"https:\/\/schema.org\",\"@graph\":[{\"@type\":\"WebPage\",\"@id\":\"https:\/\/streetsaligned.idrisiculturaesviluppo.org\/privacy-policy\/\",\"url\":\"https:\/\/streetsaligned.idrisiculturaesviluppo.org\/privacy-policy\/\",\"name\":\"Privacy Policy - Streets Aligned\",\"isPartOf\":{\"@id\":\"https:\/\/streetsaligned.idrisiculturaesviluppo.org\/#website\"},\"datePublished\":\"2024-07-10T07:25:31+00:00\",\"dateModified\":\"2024-07-10T08:26:53+00:00\",\"description\":\"Privacy Policy - Streets Aligned Informativa su utilizzo e conservazione dei dati sul sito\",\"breadcrumb\":{\"@id\":\"https:\/\/streetsaligned.idrisiculturaesviluppo.org\/privacy-policy\/#breadcrumb\"},\"inLanguage\":\"en-GB\",\"potentialAction\":[{\"@type\":\"ReadAction\",\"target\":[\"https:\/\/streetsaligned.idrisiculturaesviluppo.org\/privacy-policy\/\"]}]},{\"@type\":\"BreadcrumbList\",\"@id\":\"https:\/\/streetsaligned.idrisiculturaesviluppo.org\/privacy-policy\/#breadcrumb\",\"itemListElement\":[{\"@type\":\"ListItem\",\"position\":1,\"name\":\"Home\",\"item\":\"https:\/\/streetsaligned.idrisiculturaesviluppo.org\/\"},{\"@type\":\"ListItem\",\"position\":2,\"name\":\"Privacy Policy\"}]},{\"@type\":\"WebSite\",\"@id\":\"https:\/\/streetsaligned.idrisiculturaesviluppo.org\/#website\",\"url\":\"https:\/\/streetsaligned.idrisiculturaesviluppo.org\/\",\"name\":\"Streets Aligned\",\"description\":\"Supporting educators towards a LGBTIQ+ Inclusive Education\",\"publisher\":{\"@id\":\"https:\/\/streetsaligned.idrisiculturaesviluppo.org\/#organization\"},\"potentialAction\":[{\"@type\":\"SearchAction\",\"target\":{\"@type\":\"EntryPoint\",\"urlTemplate\":\"https:\/\/streetsaligned.idrisiculturaesviluppo.org\/?s={search_term_string}\"},\"query-input\":{\"@type\":\"PropertyValueSpecification\",\"valueRequired\":true,\"valueName\":\"search_term_string\"}}],\"inLanguage\":\"en-GB\"},{\"@type\":\"Organization\",\"@id\":\"https:\/\/streetsaligned.idrisiculturaesviluppo.org\/#organization\",\"name\":\"Streets Aligned\",\"url\":\"https:\/\/streetsaligned.idrisiculturaesviluppo.org\/\",\"logo\":{\"@type\":\"ImageObject\",\"inLanguage\":\"en-GB\",\"@id\":\"https:\/\/streetsaligned.idrisiculturaesviluppo.org\/#\/schema\/logo\/image\/\",\"url\":\"https:\/\/streetsaligned.idrisiculturaesviluppo.org\/wp-content\/uploads\/2022\/12\/streets-aligned-LOGO.png\",\"contentUrl\":\"https:\/\/streetsaligned.idrisiculturaesviluppo.org\/wp-content\/uploads\/2022\/12\/streets-aligned-LOGO.png\",\"width\":1792,\"height\":1106,\"caption\":\"Streets Aligned\"},\"image\":{\"@id\":\"https:\/\/streetsaligned.idrisiculturaesviluppo.org\/#\/schema\/logo\/image\/\"}}]}<\/script>\n<!-- \/ Yoast SEO plugin. -->","yoast_head_json":{"title":"Privacy Policy - Streets Aligned","description":"Privacy Policy - Streets Aligned Informativa su utilizzo e conservazione dei dati sul sito","robots":{"index":"index","follow":"follow","max-snippet":"max-snippet:-1","max-image-preview":"max-image-preview:large","max-video-preview":"max-video-preview:-1"},"canonical":"https:\/\/streetsaligned.idrisiculturaesviluppo.org\/en\/privacy-policy\/","og_locale":"en_GB","og_type":"article","og_title":"Privacy Policy - Streets Aligned","og_description":"Privacy Policy - Streets Aligned Informativa su utilizzo e conservazione dei dati sul sito","og_url":"https:\/\/streetsaligned.idrisiculturaesviluppo.org\/en\/privacy-policy\/","og_site_name":"Streets Aligned","article_modified_time":"2024-07-10T08:26:53+00:00","twitter_card":"summary_large_image","twitter_misc":{"Estimated reading time":"10 minutes"},"schema":{"@context":"https:\/\/schema.org","@graph":[{"@type":"WebPage","@id":"https:\/\/streetsaligned.idrisiculturaesviluppo.org\/privacy-policy\/","url":"https:\/\/streetsaligned.idrisiculturaesviluppo.org\/privacy-policy\/","name":"Privacy Policy - Streets Aligned","isPartOf":{"@id":"https:\/\/streetsaligned.idrisiculturaesviluppo.org\/#website"},"datePublished":"2024-07-10T07:25:31+00:00","dateModified":"2024-07-10T08:26:53+00:00","description":"Privacy Policy - Streets Aligned Informativa su utilizzo e conservazione dei dati sul sito","breadcrumb":{"@id":"https:\/\/streetsaligned.idrisiculturaesviluppo.org\/privacy-policy\/#breadcrumb"},"inLanguage":"en-GB","potentialAction":[{"@type":"ReadAction","target":["https:\/\/streetsaligned.idrisiculturaesviluppo.org\/privacy-policy\/"]}]},{"@type":"BreadcrumbList","@id":"https:\/\/streetsaligned.idrisiculturaesviluppo.org\/privacy-policy\/#breadcrumb","itemListElement":[{"@type":"ListItem","position":1,"name":"Home","item":"https:\/\/streetsaligned.idrisiculturaesviluppo.org\/"},{"@type":"ListItem","position":2,"name":"Privacy Policy"}]},{"@type":"WebSite","@id":"https:\/\/streetsaligned.idrisiculturaesviluppo.org\/#website","url":"https:\/\/streetsaligned.idrisiculturaesviluppo.org\/","name":"Streets Aligned","description":"Supporting educators towards a LGBTIQ+ Inclusive Education","publisher":{"@id":"https:\/\/streetsaligned.idrisiculturaesviluppo.org\/#organization"},"potentialAction":[{"@type":"SearchAction","target":{"@type":"EntryPoint","urlTemplate":"https:\/\/streetsaligned.idrisiculturaesviluppo.org\/?s={search_term_string}"},"query-input":{"@type":"PropertyValueSpecification","valueRequired":true,"valueName":"search_term_string"}}],"inLanguage":"en-GB"},{"@type":"Organization","@id":"https:\/\/streetsaligned.idrisiculturaesviluppo.org\/#organization","name":"Streets Aligned","url":"https:\/\/streetsaligned.idrisiculturaesviluppo.org\/","logo":{"@type":"ImageObject","inLanguage":"en-GB","@id":"https:\/\/streetsaligned.idrisiculturaesviluppo.org\/#\/schema\/logo\/image\/","url":"https:\/\/streetsaligned.idrisiculturaesviluppo.org\/wp-content\/uploads\/2022\/12\/streets-aligned-LOGO.png","contentUrl":"https:\/\/streetsaligned.idrisiculturaesviluppo.org\/wp-content\/uploads\/2022\/12\/streets-aligned-LOGO.png","width":1792,"height":1106,"caption":"Streets Aligned"},"image":{"@id":"https:\/\/streetsaligned.idrisiculturaesviluppo.org\/#\/schema\/logo\/image\/"}}]}},"_links":{"self":[{"href":"https:\/\/streetsaligned.idrisiculturaesviluppo.org\/en\/wp-json\/wp\/v2\/pages\/427","targetHints":{"allow":["GET"]}}],"collection":[{"href":"https:\/\/streetsaligned.idrisiculturaesviluppo.org\/en\/wp-json\/wp\/v2\/pages"}],"about":[{"href":"https:\/\/streetsaligned.idrisiculturaesviluppo.org\/en\/wp-json\/wp\/v2\/types\/page"}],"author":[{"embeddable":true,"href":"https:\/\/streetsaligned.idrisiculturaesviluppo.org\/en\/wp-json\/wp\/v2\/users\/1"}],"replies":[{"embeddable":true,"href":"https:\/\/streetsaligned.idrisiculturaesviluppo.org\/en\/wp-json\/wp\/v2\/comments?post=427"}],"version-history":[{"count":2,"href":"https:\/\/streetsaligned.idrisiculturaesviluppo.org\/en\/wp-json\/wp\/v2\/pages\/427\/revisions"}],"predecessor-version":[{"id":433,"href":"https:\/\/streetsaligned.idrisiculturaesviluppo.org\/en\/wp-json\/wp\/v2\/pages\/427\/revisions\/433"}],"wp:attachment":[{"href":"https:\/\/streetsaligned.idrisiculturaesviluppo.org\/en\/wp-json\/wp\/v2\/media?parent=427"}],"curies":[{"name":"wp","href":"https:\/\/api.w.org\/{rel}","templated":true}]}}